{"id":60544,"date":"2023-06-20T11:20:25","date_gmt":"2023-06-20T09:20:25","guid":{"rendered":"https:\/\/alphabit.info\/aviso-legal\/"},"modified":"2023-09-18T22:03:41","modified_gmt":"2023-09-18T20:03:41","slug":"aviso-legal","status":"publish","type":"page","link":"https:\/\/alphabit.info\/es\/aviso-legal\/","title":{"rendered":"Aviso legal"},"content":{"rendered":"<p>[et_pb_section fb_built=\u00bb1&#8243; custom_padding_last_edited=\u00bbon|phone\u00bb next_background_color=\u00bb#ffffff\u00bb admin_label=\u00bbHome\u00bb _builder_version=\u00bb4.22.0&#8243; _module_preset=\u00bbdefault\u00bb background_enable_color=\u00bboff\u00bb background_image=\u00bbhttps:\/\/alphabit.info\/wp-content\/uploads\/alphabit-header-2-scaled.jpg\u00bb background_position=\u00bbbottom_center\u00bb background_vertical_offset=\u00bb40%\u00bb custom_padding=\u00bb125px||160px||false|false\u00bb custom_padding_tablet=\u00bb90px||90px||false|false\u00bb custom_padding_phone=\u00bb50px||90px||false|false\u00bb bottom_divider_style=\u00bbasymmetric\u00bb bottom_divider_height=\u00bb120px\u00bb bottom_divider_flip=\u00bbhorizontal|vertical\u00bb bottom_divider_height_tablet=\u00bb53px\u00bb bottom_divider_height_phone=\u00bb42px\u00bb bottom_divider_height_last_edited=\u00bbon|desktop\u00bb global_colors_info=\u00bb{}\u00bb][et_pb_row _builder_version=\u00bb4.16&#8243; _module_preset=\u00bbdefault\u00bb width=\u00bb85%\u00bb global_colors_info=\u00bb{}\u00bb][et_pb_column type=\u00bb4_4&#8243; _builder_version=\u00bb4.16&#8243; _module_preset=\u00bbdefault\u00bb global_colors_info=\u00bb{}\u00bb][dipi_fancy_text in_animation=\u00bbfadeInUp\u00bb out_animation=\u00bbfadeOutDown\u00bb speed=\u00bb8000&#8243; duration=\u00bb1000&#8243; animation_only_once=\u00bbon\u00bb _builder_version=\u00bb4.21.0&#8243; _module_preset=\u00bbdefault\u00bb all_font=\u00bbPoppins|700|||||||\u00bb all_text_color=\u00bb#2b569b\u00bb all_font_size=\u00bb60px\u00bb max_width=\u00bb800px\u00bb custom_margin=\u00bb||||false|false\u00bb custom_padding=\u00bb||||false|false\u00bb all_font_size_tablet=\u00bb50px\u00bb all_font_size_phone=\u00bb36px\u00bb all_font_size_last_edited=\u00bbon|phone\u00bb global_colors_info=\u00bb{}\u00bb][dipi_fancy_text_child text=\u00bbAviso legal\u00bb _builder_version=\u00bb4.21.0&#8243; _module_preset=\u00bbdefault\u00bb global_colors_info=\u00bb{}\u00bb][\/dipi_fancy_text_child][\/dipi_fancy_text][\/et_pb_column][\/et_pb_row][\/et_pb_section][et_pb_section fb_built=\u00bb1&#8243; _builder_version=\u00bb4.21.0&#8243; _module_preset=\u00bbdefault\u00bb global_colors_info=\u00bb{}\u00bb][et_pb_row _builder_version=\u00bb4.21.0&#8243; _module_preset=\u00bbdefault\u00bb global_colors_info=\u00bb{}\u00bb][et_pb_column type=\u00bb4_4&#8243; _builder_version=\u00bb4.21.0&#8243; _module_preset=\u00bbdefault\u00bb global_colors_info=\u00bb{}\u00bb][et_pb_text _builder_version=\u00bb4.21.0&#8243; _module_preset=\u00bbdefault\u00bb global_colors_info=\u00bb{}\u00bb]<\/p>\n<h2>Aviso legal<\/h2>\n<p>Informaci\u00f3n seg\u00fan el art\u00edculo 5 de la ley de medios telem\u00e1ticos de Alemania (TMG)<\/p>\n<p><strong>alphabit Lena Neuhaus e. K.<\/strong><br \/>\nLena Neuhaus<br \/>\nDerendorfer Allee 6<br \/>\n40476 D\u00fcsseldorf<br \/>\nAlemania<\/p>\n<h4>Representada por:<\/h4>\n<p>Lena Neuhaus<\/p>\n<h4>Contacto:<\/h4>\n<p>Tel\u00e9fono: +49 (0)211 44 03 98 9-0<br \/>\nFax: +49 (0)211 44 03 98 9-20<br \/>\nCorreo electr\u00f3nico: <a href=\"mailto:info@alphabit.info\">info@alphabit.info<\/a><\/p>\n<h4>CIF:<\/h4>\n<p>DE815851705<\/p>\n<p>&nbsp;<\/p>\n<h2>Descargo de responsabilidad<\/h2>\n<p>&nbsp;<\/p>\n<h4>Responsabilidad sobre los enlaces:<\/h4>\n<p>Nuestra oferta contiene enlaces a p\u00e1ginas web externas de terceros sobre cuyos contenidos carecemos de influencia alguna. Por lo tanto, no podemos asumir ninguna responsabilidad sobre dichos contenidos externos. El respectivo proveedor u operador de las p\u00e1ginas es siempre el responsable del contenido de las p\u00e1ginas enlazadas. Las p\u00e1ginas enlazadas se han revisado en el momento de enlazarlas para detectar posibles infracciones legales. En el momento del establecimiento del enlace no se ha detectado en ellas ning\u00fan contenido ilegal. Sin embargo, no es razonable un control permanente del contenido de las p\u00e1ginas enlazadas sin indicios concretos de una infracci\u00f3n legal. Si llega a nuestro conocimiento alguna infracci\u00f3n, eliminaremos dichos enlaces inmediatamente.      <\/p>\n<p>&nbsp;<\/p>\n<h4>Responsabilidad sobre los contenidos:<\/h4>\n<p>Los contenidos de nuestras p\u00e1ginas se han creado con el m\u00e1ximo esmero. Sin embargo, no podemos garantizar la exactitud, integridad y actualidad de los contenidos. Como proveedor de servicios, somos responsables de nuestro propio contenido en estas p\u00e1ginas de acuerdo con las leyes generales seg\u00fan el art\u00edculo 7, apartado 1 de la ley de medios telem\u00e1ticos de Alemania (TMG). Sin embargo, de acuerdo con los art\u00edculos 8-10 de la ley de medios telem\u00e1ticos de Alemania (TMG) no estamos obligados como proveedor de servicios a controlar la informaci\u00f3n ajena transmitida o almacenada ni a investigar circunstancias que indiquen una actividad ilegal. Esto no afecta a las obligaciones de eliminar o bloquear el uso de informaci\u00f3n de acuerdo con las leyes generales. Sin embargo, la responsabilidad en este sentido solo ser\u00e1 posible a partir del momento en que se tenga conocimiento de una infracci\u00f3n concreta de la ley. Si llega a nuestro conocimiento alguna infracci\u00f3n de estas caracter\u00edsticas, eliminaremos dichos contenidos inmediatamente.       <\/p>\n<p>&nbsp;<\/p>\n<h4>Derechos de autor<\/h4>\n<p>Los contenidos y las obras que figuran en estas p\u00e1ginas y han sido creados por los operadores del sitio web est\u00e1n sujetos a la legislaci\u00f3n alemana sobre derechos de autor. La duplicaci\u00f3n, el procesamiento, la distribuci\u00f3n y cualquier tipo de explotaci\u00f3n fuera de los l\u00edmites de los derechos de autor requieren el consentimiento por escrito del respectivo autor o creador. Las descargas y copias de este sitio web solo est\u00e1n permitidas para un uso privado y no comercial. En caso de que el contenido de este sitio web no haya sido creado por el operador, se respetan los derechos de autor de terceros. En particular, los contenidos de terceros est\u00e1n marcados como tales. Si a pesar de ello llegara a su conocimiento una infracci\u00f3n de los derechos de autor, le rogamos que nos lo comunique. Si llega a nuestro conocimiento alguna infracci\u00f3n, eliminaremos dichos contenidos inmediatamente.[\/et_pb_text][\/et_pb_column][\/et_pb_row][\/et_pb_section]<\/p>\n","protected":false},"excerpt":{"rendered":"<p><div class=\"et_pb_module dipi_fancy_text dipi_fancy_text_0\">\n\t\t\t\t\n\t\t\t\t\n\t\t\t\t\n\t\t\t\t\n\t\t\t\t\n\t\t\t\t\n\t\t\t\t<div class=\"et_pb_module_inner\">\n\t\t\t\t\t<div class=\"dipi-fancy-text-container\" data-config=\"{&quot;animation_start&quot;:&quot;in_a_viewport&quot;,&quot;animation_start_viewport&quot;:&quot;75%&quot;,&quot;animation_only_once&quot;:&quot;on&quot;,&quot;item_count&quot;:1}\">\n                <h3 class=\"fancy-text\">\n                    <div class=\"fancy-text-prefix\"><\/div><div class=\"fancy-text-wrap\" data-in-animation='fadeInUp' data-out-animation='fadeOutDown' data-speed='8000' data-duration='1000'><div class=\"et_pb_module dipi_fancy_text_child dipi_fancy_text_child_0\">Aviso legal<\/div><\/div><div class=\"fancy-text-suffix\"><\/div>\n                <\/h3>\n            <\/div>\n\t\t\t\t<\/div>\n\t\t\t<\/div>Aviso legal Informaci\u00f3n seg\u00fan el art\u00edculo 5 de la ley de medios telem\u00e1ticos de Alemania (TMG) alphabit Lena Neuhaus e. K. Lena Neuhaus Derendorfer Allee 6 40476 D\u00fcsseldorf Alemania Representada por: Lena Neuhaus [&hellip;]<\/p>\n","protected":false},"author":1,"featured_media":0,"parent":0,"menu_order":10,"comment_status":"closed","ping_status":"closed","template":"","meta":{"_et_pb_use_builder":"on","_et_pb_old_content":"","_et_gb_content_width":"","inline_featured_image":false,"footnotes":""},"dipi_cpt_category":[71],"class_list":["post-60544","page","type-page","status-publish","hentry","dipi_cpt_category-unterseite"],"_links":{"self":[{"href":"https:\/\/alphabit.info\/es\/wp-json\/wp\/v2\/pages\/60544","targetHints":{"allow":["GET"]}}],"collection":[{"href":"https:\/\/alphabit.info\/es\/wp-json\/wp\/v2\/pages"}],"about":[{"href":"https:\/\/alphabit.info\/es\/wp-json\/wp\/v2\/types\/page"}],"author":[{"embeddable":true,"href":"https:\/\/alphabit.info\/es\/wp-json\/wp\/v2\/users\/1"}],"replies":[{"embeddable":true,"href":"https:\/\/alphabit.info\/es\/wp-json\/wp\/v2\/comments?post=60544"}],"version-history":[{"count":4,"href":"https:\/\/alphabit.info\/es\/wp-json\/wp\/v2\/pages\/60544\/revisions"}],"predecessor-version":[{"id":60754,"href":"https:\/\/alphabit.info\/es\/wp-json\/wp\/v2\/pages\/60544\/revisions\/60754"}],"wp:attachment":[{"href":"https:\/\/alphabit.info\/es\/wp-json\/wp\/v2\/media?parent=60544"}],"wp:term":[{"taxonomy":"dipi_cpt_category","embeddable":true,"href":"https:\/\/alphabit.info\/es\/wp-json\/wp\/v2\/dipi_cpt_category?post=60544"}],"curies":[{"name":"wp","href":"https:\/\/api.w.org\/{rel}","templated":true}]}}