{"id":60538,"date":"2023-06-20T11:20:25","date_gmt":"2023-06-20T09:20:25","guid":{"rendered":"https:\/\/alphabit.info\/mentions-legales\/"},"modified":"2023-09-18T21:58:17","modified_gmt":"2023-09-18T19:58:17","slug":"mentions-legales","status":"publish","type":"page","link":"https:\/\/alphabit.info\/fr\/mentions-legales\/","title":{"rendered":"Mentions l\u00e9gales"},"content":{"rendered":"<p>[et_pb_section fb_built=\u00a0\u00bb1&Prime; custom_padding_last_edited=\u00a0\u00bbon|phone\u00a0\u00bb next_background_color=\u00a0\u00bb#ffffff\u00a0\u00bb admin_label=\u00a0\u00bbHome\u00a0\u00bb _builder_version=\u00a0\u00bb4.22.0&Prime; _module_preset=\u00a0\u00bbdefault\u00a0\u00bb background_enable_color=\u00a0\u00bboff\u00a0\u00bb background_image=\u00a0\u00bbhttps:\/\/alphabit.info\/wp-content\/uploads\/alphabit-header-2-scaled.jpg\u00a0\u00bb background_position=\u00a0\u00bbbottom_center\u00a0\u00bb background_vertical_offset=\u00a0\u00bb40%\u00a0\u00bb custom_padding=\u00a0\u00bb125px||160px||false|false\u00a0\u00bb custom_padding_tablet=\u00a0\u00bb90px||90px||false|false\u00a0\u00bb custom_padding_phone=\u00a0\u00bb50px||90px||false|false\u00a0\u00bb bottom_divider_style=\u00a0\u00bbasymmetric\u00a0\u00bb bottom_divider_height=\u00a0\u00bb120px\u00a0\u00bb bottom_divider_flip=\u00a0\u00bbhorizontal|vertical\u00a0\u00bb bottom_divider_height_tablet=\u00a0\u00bb53px\u00a0\u00bb bottom_divider_height_phone=\u00a0\u00bb42px\u00a0\u00bb bottom_divider_height_last_edited=\u00a0\u00bbon|desktop\u00a0\u00bb global_colors_info=\u00a0\u00bb{}\u00a0\u00bb][et_pb_row _builder_version=\u00a0\u00bb4.16&Prime; _module_preset=\u00a0\u00bbdefault\u00a0\u00bb width=\u00a0\u00bb85%\u00a0\u00bb global_colors_info=\u00a0\u00bb{}\u00a0\u00bb][et_pb_column type=\u00a0\u00bb4_4&Prime; _builder_version=\u00a0\u00bb4.16&Prime; _module_preset=\u00a0\u00bbdefault\u00a0\u00bb global_colors_info=\u00a0\u00bb{}\u00a0\u00bb][dipi_fancy_text in_animation=\u00a0\u00bbfadeInUp\u00a0\u00bb out_animation=\u00a0\u00bbfadeOutDown\u00a0\u00bb speed=\u00a0\u00bb8000&Prime; duration=\u00a0\u00bb1000&Prime; animation_only_once=\u00a0\u00bbon\u00a0\u00bb _builder_version=\u00a0\u00bb4.21.0&Prime; _module_preset=\u00a0\u00bbdefault\u00a0\u00bb all_font=\u00a0\u00bbPoppins|700|||||||\u00a0\u00bb all_text_color=\u00a0\u00bb#2b569b\u00a0\u00bb all_font_size=\u00a0\u00bb60px\u00a0\u00bb max_width=\u00a0\u00bb800px\u00a0\u00bb custom_margin=\u00a0\u00bb||||false|false\u00a0\u00bb custom_padding=\u00a0\u00bb||||false|false\u00a0\u00bb all_font_size_tablet=\u00a0\u00bb50px\u00a0\u00bb all_font_size_phone=\u00a0\u00bb36px\u00a0\u00bb all_font_size_last_edited=\u00a0\u00bbon|phone\u00a0\u00bb global_colors_info=\u00a0\u00bb{}\u00a0\u00bb][dipi_fancy_text_child text=\u00a0\u00bbMentions l\u00e9gales\u00a0\u00bb _builder_version=\u00a0\u00bb4.21.0&Prime; _module_preset=\u00a0\u00bbdefault\u00a0\u00bb global_colors_info=\u00a0\u00bb{}\u00a0\u00bb][\/dipi_fancy_text_child][\/dipi_fancy_text][\/et_pb_column][\/et_pb_row][\/et_pb_section][et_pb_section fb_built=\u00a0\u00bb1&Prime; _builder_version=\u00a0\u00bb4.21.0&Prime; _module_preset=\u00a0\u00bbdefault\u00a0\u00bb global_colors_info=\u00a0\u00bb{}\u00a0\u00bb][et_pb_row _builder_version=\u00a0\u00bb4.21.0&Prime; _module_preset=\u00a0\u00bbdefault\u00a0\u00bb global_colors_info=\u00a0\u00bb{}\u00a0\u00bb][et_pb_column type=\u00a0\u00bb4_4&Prime; _builder_version=\u00a0\u00bb4.21.0&Prime; _module_preset=\u00a0\u00bbdefault\u00a0\u00bb global_colors_info=\u00a0\u00bb{}\u00a0\u00bb][et_pb_text _builder_version=\u00a0\u00bb4.21.0&Prime; _module_preset=\u00a0\u00bbdefault\u00a0\u00bb global_colors_info=\u00a0\u00bb{}\u00a0\u00bb]<\/p>\n<h2>Mentions l\u00e9gales<\/h2>\n<p>Informations selon \u00a7 5 TMG<\/p>\n<p><strong>alphabit Lena Neuhaus e. K.<\/strong><br \/>\nLena Neuhaus<br \/>\nDerendorfer Allee 6<br \/>\n40476 D\u00fcsseldorf<br \/>\nAllemagne<\/p>\n<h4>Repr\u00e9sent\u00e9 par :<\/h4>\n<p>Lena Neuhaus<\/p>\n<h4>Contact :<\/h4>\n<p>T\u00e9l\u00e9phone : +49 (0)211 44 03 98 9-0<br \/>\nT\u00e9l\u00e9copie : +49 (0)211 44 03 98 9-20<br \/>\nE-mail : <a href=\"mailto:info@alphabit.info\">info@alphabit.info<\/a><\/p>\n<h4>N\u00b0 de TVA intracommunautaire :<\/h4>\n<p>DE815851705<\/p>\n<p>&nbsp;<\/p>\n<h2>Clause de non-responsabilit\u00e9<\/h2>\n<p>&nbsp;<\/p>\n<h4>Responsabilit\u00e9 relative aux liens :<\/h4>\n<p>Notre offre int\u00e8gre des liens vers des sites web externes de tiers, sur les contenus desquels nous n\u2019avons aucune influence et dont nous ne pouvons pas \u00eatre tenus pour responsables. Ils rel\u00e8vent de la seule responsabilit\u00e9 de leurs fournisseurs ou exploitants. Nous nous sommes assur\u00e9s que ces pages ne pr\u00e9sentaient pas d\u2019infraction \u00e0 la loi \u00e0 la date de l\u2019\u00e9tablissement des liens. Aucun contenu contraire au droit n\u2019\u00e9tait identifiable \u00e0 la date de l\u2019\u00e9tablissement des liens. Un contr\u00f4le permanent des contenus des sites web sur lesquels nous renvoyons par des liens ne peut \u00eatre raisonnable sans indice concret d\u2019une violation de la loi. Les liens vers les sites web concern\u00e9s par une violation de la loi seront retir\u00e9s imm\u00e9diatement \u00e0 la divulgation de ladite violation.      <\/p>\n<p>&nbsp;<\/p>\n<h4>Responsabilit\u00e9 pour les contenus :<\/h4>\n<p>Les contenus de nos pages ont \u00e9t\u00e9 r\u00e9dig\u00e9s avec le plus grand soin. Nous ne pouvons toutefois donner aucune garantie quant \u00e0 l\u2019exactitude, l\u2019exhaustivit\u00e9 et l\u2019actualit\u00e9 de ces contenus. En tant que prestataire de services, conform\u00e9ment au \u00a77 alin\u00e9a 1 de la TMG (loi allemande Telemedia), nous sommes responsables de nos propres contenus sur ces pages conform\u00e9ment \u00e0 la l\u00e9gislation g\u00e9n\u00e9rale. En vertu des \u00a7 8 \u00e0 10 de la TMG, nous ne sommes toutefois pas tenus, en qualit\u00e9 de prestataire de services, de contr\u00f4ler les informations tierces transmises ou enregistr\u00e9es ni de rechercher les faits indiquant une activit\u00e9 ill\u00e9gale. L\u2019obligation de retirer ou bloquer l\u2019utilisation d\u2019informations au titre des lois g\u00e9n\u00e9rales demeure inchang\u00e9e. La responsabilit\u00e9 \u00e0 ce sujet n\u2019est toutefois possible qu\u2019\u00e0 partir du moment o\u00f9 la violation concr\u00e8te du droit est port\u00e9e \u00e0 notre connaissance. D\u00e8s que nous aurons connaissance d\u2019une telle violation, nous retirerons imm\u00e9diatement les contenus concern\u00e9s.       <\/p>\n<p>&nbsp;<\/p>\n<h4>Droit d\u2019auteur<\/h4>\n<p>Les contenus et les \u0153uvres \u00e9labor\u00e9s par les exploitants de ces pages sont soumis au droit d\u2019auteur allemand. La multiplication, l\u2019\u00e9dition, la diffusion et l\u2019exploitation de toute nature au-del\u00e0 des limites du droit d\u2019auteur ne sont autoris\u00e9es qu\u2019avec l\u2019accord formel et \u00e9crit de l\u2019auteur ou du r\u00e9dacteur concern\u00e9. Les t\u00e9l\u00e9chargements et les copies de ces pages ne sont autoris\u00e9s qu\u2019\u00e0 des fins strictement priv\u00e9es et non-commerciales. Dans la mesure o\u00f9 les contenus du pr\u00e9sent site ne sont pas r\u00e9alis\u00e9s par l\u2019exploitant du site, les droits d\u2019auteur des tiers sont respect\u00e9s. Les contenus de tiers sont identifi\u00e9s comme tels. Si vous constatez n\u00e9anmoins une violation pr\u00e9sum\u00e9e de droits d\u2019auteur, veuillez-nous en informer. Les contenus concern\u00e9s par une violation de la loi seront retir\u00e9s imm\u00e9diatement \u00e0 la divulgation de ladite violation.[\/et_pb_text][\/et_pb_column][\/et_pb_row][\/et_pb_section]<\/p>\n","protected":false},"excerpt":{"rendered":"<p><div class=\"et_pb_module dipi_fancy_text dipi_fancy_text_0\">\n\t\t\t\t\n\t\t\t\t\n\t\t\t\t\n\t\t\t\t\n\t\t\t\t\n\t\t\t\t\n\t\t\t\t<div class=\"et_pb_module_inner\">\n\t\t\t\t\t<div class=\"dipi-fancy-text-container\" data-config=\"{&quot;animation_start&quot;:&quot;in_a_viewport&quot;,&quot;animation_start_viewport&quot;:&quot;75%&quot;,&quot;animation_only_once&quot;:&quot;on&quot;,&quot;item_count&quot;:1}\">\n                <h3 class=\"fancy-text\">\n                    <div class=\"fancy-text-prefix\"><\/div><div class=\"fancy-text-wrap\" data-in-animation='fadeInUp' data-out-animation='fadeOutDown' data-speed='8000' data-duration='1000'><div class=\"et_pb_module dipi_fancy_text_child dipi_fancy_text_child_0\">Mentions l\u00e9gales<\/div><\/div><div class=\"fancy-text-suffix\"><\/div>\n                <\/h3>\n            <\/div>\n\t\t\t\t<\/div>\n\t\t\t<\/div>Mentions l\u00e9gales Informations selon \u00a7 5 TMG alphabit Lena Neuhaus e. K. Lena Neuhaus Derendorfer Allee 6 40476 D\u00fcsseldorf Allemagne Repr\u00e9sent\u00e9 par : Lena Neuhaus Contact : T\u00e9l\u00e9phone : +49 (0)211 44 03 [&hellip;]<\/p>\n","protected":false},"author":1,"featured_media":0,"parent":0,"menu_order":10,"comment_status":"closed","ping_status":"closed","template":"","meta":{"_et_pb_use_builder":"on","_et_pb_old_content":"","_et_gb_content_width":"","inline_featured_image":false,"footnotes":""},"dipi_cpt_category":[71],"class_list":["post-60538","page","type-page","status-publish","hentry","dipi_cpt_category-unterseite"],"_links":{"self":[{"href":"https:\/\/alphabit.info\/fr\/wp-json\/wp\/v2\/pages\/60538","targetHints":{"allow":["GET"]}}],"collection":[{"href":"https:\/\/alphabit.info\/fr\/wp-json\/wp\/v2\/pages"}],"about":[{"href":"https:\/\/alphabit.info\/fr\/wp-json\/wp\/v2\/types\/page"}],"author":[{"embeddable":true,"href":"https:\/\/alphabit.info\/fr\/wp-json\/wp\/v2\/users\/1"}],"replies":[{"embeddable":true,"href":"https:\/\/alphabit.info\/fr\/wp-json\/wp\/v2\/comments?post=60538"}],"version-history":[{"count":4,"href":"https:\/\/alphabit.info\/fr\/wp-json\/wp\/v2\/pages\/60538\/revisions"}],"predecessor-version":[{"id":60750,"href":"https:\/\/alphabit.info\/fr\/wp-json\/wp\/v2\/pages\/60538\/revisions\/60750"}],"wp:attachment":[{"href":"https:\/\/alphabit.info\/fr\/wp-json\/wp\/v2\/media?parent=60538"}],"wp:term":[{"taxonomy":"dipi_cpt_category","embeddable":true,"href":"https:\/\/alphabit.info\/fr\/wp-json\/wp\/v2\/dipi_cpt_category?post=60538"}],"curies":[{"name":"wp","href":"https:\/\/api.w.org\/{rel}","templated":true}]}}