{"id":60541,"date":"2023-06-20T11:20:25","date_gmt":"2023-06-20T09:20:25","guid":{"rendered":"https:\/\/alphabit.info\/note-legali\/"},"modified":"2023-09-18T21:59:32","modified_gmt":"2023-09-18T19:59:32","slug":"note-legali","status":"publish","type":"page","link":"https:\/\/alphabit.info\/it\/note-legali\/","title":{"rendered":"Note legali"},"content":{"rendered":"<p>[et_pb_section fb_built=&#8221;1&#8243; custom_padding_last_edited=&#8221;on|phone&#8221; next_background_color=&#8221;#ffffff&#8221; admin_label=&#8221;Home&#8221; _builder_version=&#8221;4.22.0&#8243; _module_preset=&#8221;default&#8221; background_enable_color=&#8221;off&#8221; background_image=&#8221;https:\/\/alphabit.info\/wp-content\/uploads\/alphabit-header-2-scaled.jpg&#8221; background_position=&#8221;bottom_center&#8221; background_vertical_offset=&#8221;40%&#8221; custom_padding=&#8221;125px||160px||false|false&#8221; custom_padding_tablet=&#8221;90px||90px||false|false&#8221; custom_padding_phone=&#8221;50px||90px||false|false&#8221; bottom_divider_style=&#8221;asymmetric&#8221; bottom_divider_height=&#8221;120px&#8221; bottom_divider_flip=&#8221;horizontal|vertical&#8221; bottom_divider_height_tablet=&#8221;53px&#8221; bottom_divider_height_phone=&#8221;42px&#8221; bottom_divider_height_last_edited=&#8221;on|desktop&#8221; global_colors_info=&#8221;{}&#8221;][et_pb_row _builder_version=&#8221;4.16&#8243; _module_preset=&#8221;default&#8221; width=&#8221;85%&#8221; global_colors_info=&#8221;{}&#8221;][et_pb_column type=&#8221;4_4&#8243; _builder_version=&#8221;4.16&#8243; _module_preset=&#8221;default&#8221; global_colors_info=&#8221;{}&#8221;][dipi_fancy_text in_animation=&#8221;fadeInUp&#8221; out_animation=&#8221;fadeOutDown&#8221; speed=&#8221;8000&#8243; duration=&#8221;1000&#8243; animation_only_once=&#8221;on&#8221; _builder_version=&#8221;4.21.0&#8243; _module_preset=&#8221;default&#8221; all_font=&#8221;Poppins|700|||||||&#8221; all_text_color=&#8221;#2b569b&#8221; all_font_size=&#8221;60px&#8221; max_width=&#8221;800px&#8221; custom_margin=&#8221;||||false|false&#8221; custom_padding=&#8221;||||false|false&#8221; all_font_size_tablet=&#8221;50px&#8221; all_font_size_phone=&#8221;36px&#8221; all_font_size_last_edited=&#8221;on|phone&#8221; global_colors_info=&#8221;{}&#8221;][dipi_fancy_text_child text=&#8221;Note legali&#8221; _builder_version=&#8221;4.21.0&#8243; _module_preset=&#8221;default&#8221; global_colors_info=&#8221;{}&#8221;][\/dipi_fancy_text_child][\/dipi_fancy_text][\/et_pb_column][\/et_pb_row][\/et_pb_section][et_pb_section fb_built=&#8221;1&#8243; _builder_version=&#8221;4.21.0&#8243; _module_preset=&#8221;default&#8221; global_colors_info=&#8221;{}&#8221;][et_pb_row _builder_version=&#8221;4.21.0&#8243; _module_preset=&#8221;default&#8221; global_colors_info=&#8221;{}&#8221;][et_pb_column type=&#8221;4_4&#8243; _builder_version=&#8221;4.21.0&#8243; _module_preset=&#8221;default&#8221; global_colors_info=&#8221;{}&#8221;][et_pb_text _builder_version=&#8221;4.21.0&#8243; _module_preset=&#8221;default&#8221; global_colors_info=&#8221;{}&#8221;]<\/p>\n<h2>Note legali<\/h2>\n<p>Dati forniti ai sensi del \u00a7 5 della Legge tedesca sui media telematici (TMG)<\/p>\n<p><strong>alphabit Lena Neuhaus e. K.<\/strong><br \/>\nLena Neuhaus<br \/>\nDerendorfer Allee 6<br \/>\n40476 D\u00fcsseldorf<br \/>\nGermania<\/p>\n<h4>Rappresentata da:<\/h4>\n<p>Lena Neuhaus<\/p>\n<h4>Contatto:<\/h4>\n<p>Telefono: +49 (0)211 44 03 98 9-0<br \/>\nFax: +49 (0)211 44 03 98 9-20<br \/>\nE-mail: <a href=\"mailto:info@alphabit.info\">info@alphabit.info<\/a><\/p>\n<h4>Partita IVA:<\/h4>\n<p>DE815851705<\/p>\n<p>&nbsp;<\/p>\n<h2>Esclusione della responsabilit\u00e0<\/h2>\n<p>&nbsp;<\/p>\n<h4>Responsabilit\u00e0 per i link:<\/h4>\n<p>La nostra offerta comprende link a siti web esterni di terze parti sui cui contenuti non abbiamo influenza. Pertanto non possiamo assumerci alcuna responsabilit\u00e0 per tali contenuti esterni. La responsabilit\u00e0 per i contenuti delle pagine collegate tramite link \u00e8 del rispettivo fornitore o gestore delle pagine. Le pagine collegate sono state controllate per verificare eventuali violazioni della legge al momento della creazione dei link. Non sono stati riconosciuti contenuti contrari alla legge al momento della creazione dei link. Tuttavia, un controllo permanente dei contenuti delle pagine collegate tramite link non \u00e8 ragionevole senza indicazioni concrete di una violazione della legge. Nel caso riscontrassimo violazioni della legge, provvederemo immediatamente a rimuovere tali link.      <\/p>\n<p>&nbsp;<\/p>\n<h4>Responsabilit\u00e0 per il contenuto:<\/h4>\n<p>I contenuti delle nostre pagine sono stati redatti con la massima accuratezza. Tuttavia, non ci possiamo assumere alcuna responsabilit\u00e0 per la correttezza, la completezza e l&#8217;attualit\u00e0 dei contenuti. Nel rispetto del \u00a7 7 par. 1 della Legge tedesca sui media telematici (TMG), in quanto fornitori di servizi siamo responsabili dei contenuti presenti in queste pagine ai sensi delle leggi generali. Nel rispetto dei \u00a7 8 &#8211; 10 della Legge tedesca sui media telematici (TMG), in quanto fornitori di servizi non siamo per\u00f2 obbligati a monitorare n\u00e9 eventualmente a sottoporre a indagini le informazioni esterne trasmesse o salvate che indicano un&#8217;attivit\u00e0 contraria alla legge. Gli obblighi di eliminazione o blocco dell&#8217;uso delle informazioni ai sensi delle leggi generali restano impregiudicati. La responsabilit\u00e0 correlata scatta per\u00f2 solo dal momento in cui si viene a conoscenza della concreta violazione della legge. Nel caso riscontrassimo violazioni della legge, provvederemo immediatamente a rimuovere tali contenuti.       <\/p>\n<p>&nbsp;<\/p>\n<h4>Diritto d&#8217;autore<\/h4>\n<p>Le opere e i contenuti prodotti dai gestori presenti in queste pagine sono soggetti al diritto d&#8217;autore tedesco. La riproduzione, il trattamento, la diffusione e qualsiasi tipo di sfruttamento che travalica i limiti del diritto d&#8217;autore necessitano del consenso scritto dell&#8217;autore o del creatore. Il download e la copia dei contenuti di questo sito sono permessi solo per uso privato e non commerciale. Se i contenuti di questo sito non sono stati prodotti dal gestore, si applicano i diritti d&#8217;autore di terzi. In particolare, i contenuti di terzi vengono contrassegnati come tali. Se ciononostante doveste notare una violazione del diritto d&#8217;autore, vi invitiamo a segnalarcelo. Nel caso si riscontrassero violazioni della legge, provvederemo immediatamente a rimuovere tali contenuti.[\/et_pb_text][\/et_pb_column][\/et_pb_row][\/et_pb_section]<\/p>\n","protected":false},"excerpt":{"rendered":"<p><div class=\"et_pb_module dipi_fancy_text dipi_fancy_text_0\">\n\t\t\t\t\n\t\t\t\t\n\t\t\t\t\n\t\t\t\t\n\t\t\t\t\n\t\t\t\t\n\t\t\t\t<div class=\"et_pb_module_inner\">\n\t\t\t\t\t<div class=\"dipi-fancy-text-container\" data-config=\"{&quot;animation_start&quot;:&quot;in_a_viewport&quot;,&quot;animation_start_viewport&quot;:&quot;75%&quot;,&quot;animation_only_once&quot;:&quot;on&quot;,&quot;item_count&quot;:1}\">\n                <h3 class=\"fancy-text\">\n                    <div class=\"fancy-text-prefix\"><\/div><div class=\"fancy-text-wrap\" data-in-animation='fadeInUp' data-out-animation='fadeOutDown' data-speed='8000' data-duration='1000'><div class=\"et_pb_module dipi_fancy_text_child dipi_fancy_text_child_0\">Note legali<\/div><\/div><div class=\"fancy-text-suffix\"><\/div>\n                <\/h3>\n            <\/div>\n\t\t\t\t<\/div>\n\t\t\t<\/div>Note legali Dati forniti ai sensi del \u00a7 5 della Legge tedesca sui media telematici (TMG) alphabit Lena Neuhaus e. K. Lena Neuhaus Derendorfer Allee 6 40476 D\u00fcsseldorf Germania Rappresentata da: Lena Neuhaus [&hellip;]<\/p>\n","protected":false},"author":1,"featured_media":0,"parent":0,"menu_order":10,"comment_status":"closed","ping_status":"closed","template":"","meta":{"_et_pb_use_builder":"on","_et_pb_old_content":"","_et_gb_content_width":"","inline_featured_image":false,"footnotes":""},"dipi_cpt_category":[71],"class_list":["post-60541","page","type-page","status-publish","hentry","dipi_cpt_category-unterseite"],"_links":{"self":[{"href":"https:\/\/alphabit.info\/it\/wp-json\/wp\/v2\/pages\/60541","targetHints":{"allow":["GET"]}}],"collection":[{"href":"https:\/\/alphabit.info\/it\/wp-json\/wp\/v2\/pages"}],"about":[{"href":"https:\/\/alphabit.info\/it\/wp-json\/wp\/v2\/types\/page"}],"author":[{"embeddable":true,"href":"https:\/\/alphabit.info\/it\/wp-json\/wp\/v2\/users\/1"}],"replies":[{"embeddable":true,"href":"https:\/\/alphabit.info\/it\/wp-json\/wp\/v2\/comments?post=60541"}],"version-history":[{"count":4,"href":"https:\/\/alphabit.info\/it\/wp-json\/wp\/v2\/pages\/60541\/revisions"}],"predecessor-version":[{"id":60752,"href":"https:\/\/alphabit.info\/it\/wp-json\/wp\/v2\/pages\/60541\/revisions\/60752"}],"wp:attachment":[{"href":"https:\/\/alphabit.info\/it\/wp-json\/wp\/v2\/media?parent=60541"}],"wp:term":[{"taxonomy":"dipi_cpt_category","embeddable":true,"href":"https:\/\/alphabit.info\/it\/wp-json\/wp\/v2\/dipi_cpt_category?post=60541"}],"curies":[{"name":"wp","href":"https:\/\/api.w.org\/{rel}","templated":true}]}}